{"id":26,"date":"2020-03-30T22:48:08","date_gmt":"2020-03-31T01:48:08","guid":{"rendered":"https:\/\/jetmax.casanovadigital.com.br\/?page_id=26"},"modified":"2020-05-19T09:00:08","modified_gmt":"2020-05-19T12:00:08","slug":"contato","status":"publish","type":"page","link":"https:\/\/jetmax.com.br\/antigo\/contato\/","title":{"rendered":"Contato"},"content":{"rendered":"<p>[et_pb_section fb_built=&#8221;1&#8243; fullwidth=&#8221;on&#8221; admin_label=&#8221;Hero&#8221; _builder_version=&#8221;4.4.2&#8243; background_color=&#8221;#f7f7f7&#8243; background_image=&#8221;https:\/\/imagens.jetmax.com.br\/uploads\/2020\/03\/banner-jetmax-contato.jpg&#8221; parallax=&#8221;on&#8221; custom_padding=&#8221;0px|0|0px|0px|false|false&#8221;][et_pb_fullwidth_header title=&#8221;Fale com a gente!&#8221; text_orientation=&#8221;center&#8221; admin_label=&#8221;Fullwidth Header&#8221; _builder_version=&#8221;4.4.2&#8243; title_font=&#8221;Montserrat|||on|||||&#8221; title_text_align=&#8221;center&#8221; title_font_size=&#8221;66px&#8221; title_line_height=&#8221;1.2em&#8221; content_font=&#8221;Montserrat|300|||||||&#8221; content_text_align=&#8221;center&#8221; content_font_size=&#8221;18px&#8221; background_color=&#8221;rgba(0,0,0,0)&#8221; use_background_color_gradient=&#8221;on&#8221; background_color_gradient_start=&#8221;rgba(239,183,28,0.9)&#8221; background_color_gradient_end=&#8221;rgba(247,148,30,0.8)&#8221; background_color_gradient_direction=&#8221;345deg&#8221; background_color_gradient_start_position=&#8221;11%&#8221; background_color_gradient_end_position=&#8221;57%&#8221; background_color_gradient_overlays_image=&#8221;on&#8221; parallax=&#8221;on&#8221; parallax_method=&#8221;on&#8221; custom_button_one=&#8221;on&#8221; button_one_text_size=&#8221;15px&#8221; button_one_bg_color=&#8221;#ffa727&#8243; button_one_border_width=&#8221;15px&#8221; button_one_border_color=&#8221;#ffa727&#8243; button_one_border_radius=&#8221;100px&#8221; button_one_letter_spacing=&#8221;5px&#8221; button_one_font=&#8221;Open Sans|700||on|||||&#8221; custom_margin=&#8221;|||&#8221; custom_padding=&#8221;6vw||6vw||true&#8221; custom_padding_tablet=&#8221;100px||100px||true&#8221; custom_padding_phone=&#8221;34px||34px||true&#8221; custom_padding_last_edited=&#8221;on|desktop&#8221; title_font_size_tablet=&#8221;45px&#8221; title_font_size_phone=&#8221;35px&#8221; title_font_size_last_edited=&#8221;on|phone&#8221; content_font_size_tablet=&#8221;&#8221; content_font_size_phone=&#8221;16px&#8221; content_font_size_last_edited=&#8221;on|phone&#8221; button_one_text_size_tablet=&#8221;&#8221; button_one_text_size_phone=&#8221;&#8221; button_one_text_size_last_edited=&#8221;on|desktop&#8221; button_one_border_color_hover=&#8221;#ff8a3d&#8221; button_one_border_radius_hover=&#8221;100px&#8221; button_one_letter_spacing_hover=&#8221;5px&#8221; button_one_bg_color_hover=&#8221;#ff8a3d&#8221; button_one_text_size__hover_enabled=&#8221;off&#8221; button_two_text_size__hover_enabled=&#8221;off&#8221; button_one_text_color__hover_enabled=&#8221;off&#8221; button_two_text_color__hover_enabled=&#8221;off&#8221; button_one_border_width__hover_enabled=&#8221;off&#8221; button_two_border_width__hover_enabled=&#8221;off&#8221; button_one_border_color__hover_enabled=&#8221;on&#8221; button_one_border_color__hover=&#8221;#ff8a3d&#8221; button_two_border_color__hover_enabled=&#8221;off&#8221; button_one_border_radius__hover_enabled=&#8221;on&#8221; button_one_border_radius__hover=&#8221;100px&#8221; button_two_border_radius__hover_enabled=&#8221;off&#8221; button_one_letter_spacing__hover_enabled=&#8221;on&#8221; button_one_letter_spacing__hover=&#8221;5px&#8221; button_two_letter_spacing__hover_enabled=&#8221;off&#8221; button_one_bg_color__hover_enabled=&#8221;on&#8221; button_one_bg_color__hover=&#8221;#ff8a3d&#8221; button_two_bg_color__hover_enabled=&#8221;off&#8221;]<\/p>\n<p>Nossa equipe esta \u00e0 disposi\u00e7\u00e3o para te atender e te mostrar todas as <span style=\"color: #ffffff;\"><a href=\"https:\/\/jetmax.com.br\/antigo\/\" style=\"color: #ffffff;\">solu\u00e7\u00f5es<\/a><\/span> que n\u00f3s temos para sua empresa!<\/p>\n<h4>Como podemos te ajudar?<\/h4>\n<p>Preencha o formul\u00e1rio e te retornaremos o mais breve poss\u00edvel.<br \/> Se preferir, entre em contato conosco por telefone ou Whatsapp!<\/p>\n<p>[\/et_pb_fullwidth_header][\/et_pb_section][et_pb_section fb_built=&#8221;1&#8243; admin_label=&#8221;Contact Info&#8221; _builder_version=&#8221;3.22&#8243;][et_pb_row column_structure=&#8221;1_3,1_3,1_3&#8243; _builder_version=&#8221;3.25&#8243; custom_margin=&#8221;|||&#8221; custom_padding=&#8221;|||&#8221; locked=&#8221;off&#8221;][et_pb_column type=&#8221;1_3&#8243; _builder_version=&#8221;3.25&#8243; custom_padding=&#8221;|||&#8221; custom_padding__hover=&#8221;|||&#8221;][et_pb_blurb title=&#8221;Telefone&#8221; use_icon=&#8221;on&#8221; font_icon=&#8221;%%264%%&#8221; icon_color=&#8221;#6d6e71&#8243; use_icon_font_size=&#8221;on&#8221; icon_font_size=&#8221;60px&#8221; _builder_version=&#8221;3.21&#8243; header_font=&#8221;Montserrat|900|||||||&#8221; header_font_size=&#8221;24px&#8221; header_line_height=&#8221;1.2em&#8221; body_font=&#8221;Montserrat|300|||||||&#8221; body_font_size=&#8221;16px&#8221; background_color=&#8221;#f7f7f7&#8243; text_orientation=&#8221;center&#8221; custom_padding=&#8221;40px|30px|40px|30px|true|true&#8221; animation_style=&#8221;fold&#8221; animation=&#8221;off&#8221;](31) 3272 &#8211; 2909<br \/>\n(31) 9 9963 &#8211; 5589 (WhatsApp)[\/et_pb_blurb][\/et_pb_column][et_pb_column type=&#8221;1_3&#8243; _builder_version=&#8221;3.25&#8243; custom_padding=&#8221;|||&#8221; custom_padding__hover=&#8221;|||&#8221;][et_pb_blurb title=&#8221;Email&#8221; use_icon=&#8221;on&#8221; font_icon=&#8221;%%238%%&#8221; icon_color=&#8221;#6d6e71&#8243; use_icon_font_size=&#8221;on&#8221; icon_font_size=&#8221;60px&#8221; _builder_version=&#8221;3.21&#8243; header_font=&#8221;Montserrat|900|||||||&#8221; header_font_size=&#8221;24px&#8221; header_line_height=&#8221;1.2em&#8221; body_font=&#8221;Montserrat|300|||||||&#8221; body_font_size=&#8221;16px&#8221; background_color=&#8221;#f7f7f7&#8243; text_orientation=&#8221;center&#8221; custom_padding=&#8221;40px|30px|40px|30px|true|true&#8221; animation_style=&#8221;fold&#8221; animation=&#8221;off&#8221;]<\/p>\n<p>jetmax@jetmax.com.br<\/p>\n<p>[\/et_pb_blurb][\/et_pb_column][et_pb_column type=&#8221;1_3&#8243; _builder_version=&#8221;3.25&#8243; custom_padding=&#8221;|||&#8221; custom_padding__hover=&#8221;|||&#8221;][et_pb_blurb title=&#8221;Endere\u00e7o&#8221; use_icon=&#8221;on&#8221; font_icon=&#8221;%%249%%&#8221; icon_color=&#8221;#6d6e71&#8243; use_icon_font_size=&#8221;on&#8221; icon_font_size=&#8221;60px&#8221; _builder_version=&#8221;3.21&#8243; header_font=&#8221;Montserrat|900|||||||&#8221; header_font_size=&#8221;24px&#8221; header_line_height=&#8221;1.2em&#8221; body_font=&#8221;Montserrat|300|||||||&#8221; body_font_size=&#8221;16px&#8221; background_color=&#8221;#f7f7f7&#8243; text_orientation=&#8221;center&#8221; custom_padding=&#8221;40px|30px|40px|30px|true|true&#8221; animation_style=&#8221;fold&#8221; animation=&#8221;off&#8221;]<\/p>\n<p>Av amazonas, 5484<br \/> Nova Suissa &#8211; BH\/MG<\/p>\n<p>[\/et_pb_blurb][\/et_pb_column][\/et_pb_row][\/et_pb_section][et_pb_section fb_built=&#8221;1&#8243; admin_label=&#8221;Contact Info&#8221; _builder_version=&#8221;4.4.2&#8243; use_background_color_gradient=&#8221;on&#8221; background_color_gradient_start=&#8221;#ffffff&#8221; background_color_gradient_end=&#8221;#eaeaea&#8221;][et_pb_row admin_label=&#8221;Contact us&#8221; _builder_version=&#8221;3.25&#8243;][et_pb_column type=&#8221;4_4&#8243; _builder_version=&#8221;3.25&#8243; custom_padding=&#8221;|||&#8221; custom_padding__hover=&#8221;|||&#8221;][et_pb_text _builder_version=&#8221;4.4.2&#8243;]<\/p>\n<h2><strong>FORMUL\u00c1RIO DE CONTATO<\/strong><\/h2>\n<p>[\/et_pb_text][\/et_pb_column][\/et_pb_row][et_pb_row _builder_version=&#8221;4.4.2&#8243;][et_pb_column type=&#8221;4_4&#8243; _builder_version=&#8221;4.4.2&#8243;][et_pb_code module_id=&#8221;pg-contato&#8221; _builder_version=&#8221;4.4.2&#8243; hover_enabled=&#8221;0&#8243;]\n<div class=\"wpcf7 no-js\" id=\"wpcf7-f1063-o1\" lang=\"pt-BR\" dir=\"ltr\" data-wpcf7-id=\"1063\">\n<div class=\"screen-reader-response\"><p role=\"status\" aria-live=\"polite\" aria-atomic=\"true\"><\/p> <ul><\/ul><\/div>\n<form action=\"\/antigo\/wp-json\/wp\/v2\/pages\/26#wpcf7-f1063-o1\" method=\"post\" class=\"wpcf7-form init\" aria-label=\"Formul\u00e1rios de contato\" novalidate=\"novalidate\" data-status=\"init\">\n<div style=\"display: none;\">\n<input type=\"hidden\" name=\"_wpcf7\" value=\"1063\" \/>\n<input type=\"hidden\" name=\"_wpcf7_version\" value=\"6.0.5\" \/>\n<input type=\"hidden\" name=\"_wpcf7_locale\" value=\"pt_BR\" \/>\n<input type=\"hidden\" name=\"_wpcf7_unit_tag\" value=\"wpcf7-f1063-o1\" \/>\n<input type=\"hidden\" name=\"_wpcf7_container_post\" value=\"0\" \/>\n<input type=\"hidden\" name=\"_wpcf7_posted_data_hash\" value=\"\" \/>\n<input type=\"hidden\" name=\"_wpcf7_recaptcha_response\" value=\"\" \/>\n<\/div>\n<div id=\"form-footer-cnd1\">\n\t<p><label><br \/>\n<span class=\"wpcf7-form-control-wrap\" data-name=\"your-name\"><input size=\"40\" maxlength=\"400\" class=\"wpcf7-form-control wpcf7-text wpcf7-validates-as-required\" aria-required=\"true\" aria-invalid=\"false\" placeholder=\"Seu nome\" value=\"\" type=\"text\" name=\"your-name\" \/><\/span><\/label><br \/>\n<label id=\"form-footer-cnd1-1-2\"><br \/>\n<span class=\"wpcf7-form-control-wrap\" data-name=\"your-email\"><input size=\"40\" maxlength=\"400\" class=\"wpcf7-form-control wpcf7-email wpcf7-validates-as-required wpcf7-text wpcf7-validates-as-email\" aria-required=\"true\" aria-invalid=\"false\" placeholder=\"Seu e-mail\" value=\"\" type=\"email\" name=\"your-email\" \/><\/span><\/label><br \/>\n<label id=\"form-footer-cnd1-2-2\"><br \/>\n<span class=\"wpcf7-form-control-wrap\" data-name=\"your-telefone\"><input size=\"40\" maxlength=\"400\" class=\"wpcf7-form-control wpcf7-text wpcf7-validates-as-required\" aria-required=\"true\" aria-invalid=\"false\" placeholder=\"Telefone\" value=\"\" type=\"text\" name=\"your-telefone\" \/><\/span><\/label><br \/>\n<label><br \/>\n<span class=\"wpcf7-form-control-wrap\" data-name=\"your-message\"><textarea cols=\"40\" rows=\"10\" maxlength=\"2000\" class=\"wpcf7-form-control wpcf7-textarea wpcf7-validates-as-required\" aria-required=\"true\" aria-invalid=\"false\" placeholder=\"Sua mensagem\" name=\"your-message\"><\/textarea><\/span><\/label><br \/>\n<span id=\"campos-obrigatorios-form-footer-cnd1\">Todos os campos s\u00e3o de preenchimento obrigat\u00f3rio.<\/span>\n\t<\/p>\n\t<p><input class=\"wpcf7-form-control wpcf7-submit has-spinner\" type=\"submit\" value=\"Enviar\" \/>\n\t<\/p>\n<\/div>\n<style>\n#form-footer-cnd1 br{\ndisplay: none;\n}\n#form-footer-cnd1 label,span#campos-obrigatorios-form-footer-cnd1{\ndisplay:block;\nmargin-bottom: 25px;\n}\n#form-footer-cnd1 input[name*=\"name\"],#form-footer-cnd1 input[name*=\"nome\"],#form-footer-cnd1 input[name*=\"mail\"],#form-footer-cnd1 input[name*=\"fone\"],#form-footer-cnd1 textarea[name*=\"ssage\"]{\nwidth:100%;\npadding: 15px 12px;\nborder-radius: 25px;\n}\nspan#campos-obrigatorios-form-footer-cnd1{\nwidth:100%;\ncolor: #ffffff;\n}\n#form-footer-cnd1-1-2, #form-footer-cnd1-2-2{\nmax-width: calc(50% - 10px);\n float: left;\nwidth: 100%;\n}\n#form-footer-cnd1-1-2{\n margin-right: 20px !important;\n}\n#form-footer-cnd1 input[type=\"submit\"]{\nbackground-color: #ffffff;\ncolor: #888888;\npadding: 10px 20px;\nborder-radius: 50px;\ntext-transform: uppercase;\nfont-size: 15px;\nletter-spacing:2px;\nfont-weight: 400;\nborder: solid 2px #ffffff;\ntransition: all 0.2s ease-in-out;\ncursor:pointer;\n}\n#form-footer-cnd1 input[type=\"submit\"]:hover{\nbackground-color: transparent;\ncolor: #ffffff;\n}\n#pg-contato #form-footer-cnd1 input[type=\"submit\"]{\nbackground-color: #f7941e;\ncolor: #ffffff;\nborder: solid 2px #f7941e;\n}\n#pg-contato #form-footer-cnd1 input[type=\"submit\"]:hover{\nbackground-color: #ffffff;\ncolor: #f7941e;\n}\n#pg-contato span#campos-obrigatorios-form-footer-cnd1{\ncolor:#888888;\n}\n<\/style><div class=\"wpcf7-response-output\" aria-hidden=\"true\"><\/div>\n<\/form>\n<\/div>\n[\/et_pb_code][\/et_pb_column][\/et_pb_row][\/et_pb_section][et_pb_section fb_built=&#8221;1&#8243; fullwidth=&#8221;on&#8221; admin_label=&#8221;Map&#8221; _builder_version=&#8221;3.22&#8243;][et_pb_fullwidth_map address=&#8221;Av amazonas, 5484 Nova Suissa &#8211; BH\/MG&#8221; zoom_level=&#8221;15&#8243; address_lat=&#8221;-19.930228678391&#8243; address_lng=&#8221;-43.981094947097&#8243; mouse_wheel=&#8221;off&#8221; _builder_version=&#8221;3.21&#8243;][et_pb_map_pin title=&#8221;Jetmax&#8221; pin_address=&#8221;Av amazonas, 5484 Nova Suissa &#8211; BH\/MG&#8221; zoom_level=&#8221;19&#8243; pin_address_lat=&#8221;-19.930414997946&#8243; pin_address_lng=&#8221;-43.981554891899&#8243; _builder_version=&#8221;3.21&#8243;]<\/p>\n<p>Av amazonas, 5484<br \/> Nova Suissa &#8211; BH\/MG<\/p>\n<p>[\/et_pb_map_pin][\/et_pb_fullwidth_map][\/et_pb_section]<\/p>\n","protected":false},"excerpt":{"rendered":"<p>Nossa equipe esta \u00e0 disposi\u00e7\u00e3o para te atender e te mostrar todas as solu\u00e7\u00f5es que n\u00f3s temos para sua empresa! Como podemos te ajudar? Preencha o formul\u00e1rio e te retornaremos o mais breve poss\u00edvel. Se preferir, entre em contato conosco por telefone ou Whatsapp!(31) 3272 &#8211; 2909 (31) 9 9963 &#8211; 5589 (WhatsApp)jetmax@jetmax.com.brAv amazonas, 5484 [&hellip;]<\/p>\n","protected":false},"author":2,"featured_media":516,"parent":0,"menu_order":0,"comment_status":"closed","ping_status":"closed","template":"","meta":{"_et_pb_use_builder":"on","_et_pb_old_content":"","_et_gb_content_width":"","_monsterinsights_skip_tracking":false,"_monsterinsights_sitenote_active":false,"_monsterinsights_sitenote_note":"","_monsterinsights_sitenote_category":0,"footnotes":""},"class_list":["post-26","page","type-page","status-publish","has-post-thumbnail","hentry"],"aioseo_notices":[],"_links":{"self":[{"href":"https:\/\/jetmax.com.br\/antigo\/wp-json\/wp\/v2\/pages\/26","targetHints":{"allow":["GET"]}}],"collection":[{"href":"https:\/\/jetmax.com.br\/antigo\/wp-json\/wp\/v2\/pages"}],"about":[{"href":"https:\/\/jetmax.com.br\/antigo\/wp-json\/wp\/v2\/types\/page"}],"author":[{"embeddable":true,"href":"https:\/\/jetmax.com.br\/antigo\/wp-json\/wp\/v2\/users\/2"}],"replies":[{"embeddable":true,"href":"https:\/\/jetmax.com.br\/antigo\/wp-json\/wp\/v2\/comments?post=26"}],"version-history":[{"count":28,"href":"https:\/\/jetmax.com.br\/antigo\/wp-json\/wp\/v2\/pages\/26\/revisions"}],"predecessor-version":[{"id":1200,"href":"https:\/\/jetmax.com.br\/antigo\/wp-json\/wp\/v2\/pages\/26\/revisions\/1200"}],"wp:featuredmedia":[{"embeddable":true,"href":"https:\/\/jetmax.com.br\/antigo\/wp-json\/wp\/v2\/media\/516"}],"wp:attachment":[{"href":"https:\/\/jetmax.com.br\/antigo\/wp-json\/wp\/v2\/media?parent=26"}],"curies":[{"name":"wp","href":"https:\/\/api.w.org\/{rel}","templated":true}]}}